{"id":226,"date":"2025-03-12T12:22:50","date_gmt":"2025-03-12T09:22:50","guid":{"rendered":"https:\/\/hipodroomi.reterra.ee\/ari\/?page_id=226"},"modified":"2026-01-02T12:43:22","modified_gmt":"2026-01-02T09:43:22","slug":"hoonest","status":"publish","type":"page","link":"https:\/\/hipodroomi.reterra.ee\/ari\/hoonest\/","title":{"rendered":"Hoonest"},"content":{"rendered":"\n<section class=\"page-title-block py-42 bg-white overflow-hidden\" >\n    <div class=\"container d-flex flex-column gap-48 gap-lg-64\">\n                    <h1 class=\"slide-title mb-0\">\n                                    <span>Oma ala<\/span>\n                                    <span>parimad<\/span>\n                            <\/h1>\n        \n                    <div class=\"content d-flex flex-column flex-lg-row gap-32 gap-lg-72 \">\n                                    <div class=\"logos-list d-flex gap-24 gap-lg-56 w-100 justify-content-between\">\n                                                                                <div class=\"logo-wrap d-flex flex-column align-items-center justify-content-end gap-8 gap-lg-32\">\n                                                                    <a href=\"https:\/\/reterra.ee\" target=\"_blank\" rel=\"noopener\">\n                                                                        <img loading=\"lazy\" decoding=\"async\" src=\"https:\/\/hipodroomi.reterra.ee\/ari\/wp-content\/uploads\/2025\/03\/uuid-1f3f5212-cd88-41b9-a1e7-fd4413b7f8a7.svg\" width=\"197\" height=\"39\" alt=\"\">\n                                                                        <\/a>\n                                \n                                                                    <span>Arendaja<\/span>\n                                                            <\/div>\n                                                                                <div class=\"logo-wrap d-flex flex-column align-items-center justify-content-end gap-8 gap-lg-32\">\n                                                                    <img loading=\"lazy\" decoding=\"async\" src=\"https:\/\/hipodroomi.reterra.ee\/ari\/wp-content\/uploads\/2025\/03\/PIN-arhitektid-Copy.svg\" width=\"80\" height=\"43\" alt=\"\">\n                                    \n                                                                    <span>Arhitekt<\/span>\n                                                            <\/div>\n                                                                                <div class=\"logo-wrap d-flex flex-column align-items-center justify-content-end gap-8 gap-lg-32\">\n                                                                    <img loading=\"lazy\" decoding=\"async\" src=\"https:\/\/hipodroomi.reterra.ee\/ari\/wp-content\/uploads\/2026\/01\/hipo-2.svg\" width=\"144\" height=\"38\" alt=\"\">\n                                    \n                                                                    <span>Ehitaja<\/span>\n                                                            <\/div>\n                                            <\/div>\n                \n                                    <div class=\"text w-100\">\n                        <p>Soovime, et Hipodroomi pikal ajalool oleks veel pikem tulevik. Seep\u00e4rast on Hipodroomi \u00e4rihoones nii sise- kui v\u00e4lislahendused keskkonnas\u00f5bralikud ja LEED sertifikaadi p\u00f5him\u00f5tteid j\u00e4rgivad.<\/p>\n                    <\/div>\n                            <\/div>\n            <\/div>\n<\/section>\n\n\n<section class=\"image-hover-block overflow-hidden\"  data-color=\"#0e3328\">\n    <div class=\"image-wrap position-relative\">\n        <img loading=\"lazy\" decoding=\"async\" class=\"image w-100\" src=\"https:\/\/hipodroomi.reterra.ee\/ari\/wp-content\/uploads\/2025\/03\/03-1.png\" width=\"2880\" height=\"2158\" alt=\"\" \/>\n\n                    <div class=\"top-hovers position-absolute top-0 left-0 w-100 h-100\">\n                                                        <button class=\"top-hover tippy-hover color-white fs-30 fnt-ergon position-absolute rounded-pill py-6 px-24\" style=\"top: 10%; left:5%; \" data-hover=\"top-0\">\n                        Pegasus                    <\/button>\n                                                        <button class=\"top-hover tippy-hover color-white fs-30 fnt-ergon position-absolute rounded-pill py-6 px-24\" style=\"top: 10%; right:5% \" data-hover=\"top-1\">\n                        Helios                    <\/button>\n                            <\/div>\n        \n                    <div class=\"bottom-hovers position-absolute bottom-0 w-100 mb-120 d-none d-lg-block\">\n                <div class=\"container\">\n                    <div class=\"hovers d-flex flex-wrap w-100 mx-auto justify-content-center\">\n                                                                                <button class=\"bottom-hover btn tippy-hover\" data-hover=\"bottom-0\">Laed<\/button>\n                                                                                <button class=\"bottom-hover btn tippy-hover\" data-hover=\"bottom-1\">Hoone karkass<\/button>\n                                                                                <button class=\"bottom-hover btn tippy-hover\" data-hover=\"bottom-2\">V\u00e4lissein<\/button>\n                                                                                <button class=\"bottom-hover btn tippy-hover\" data-hover=\"bottom-3\">Fassaad ja aknad<\/button>\n                                                                                <button class=\"bottom-hover btn tippy-hover\" data-hover=\"bottom-4\">Katus<\/button>\n                                                                                <button class=\"bottom-hover btn tippy-hover\" data-hover=\"bottom-5\">Siseseinad<\/button>\n                                                                                <button class=\"bottom-hover btn tippy-hover\" data-hover=\"bottom-6\">Terrassid<\/button>\n                                                                                <button class=\"bottom-hover btn tippy-hover\" data-hover=\"bottom-7\">Lift<\/button>\n                                                                                <button class=\"bottom-hover btn tippy-hover\" data-hover=\"bottom-8\">Energiat\u00e4his<\/button>\n                                                                                <button class=\"bottom-hover btn tippy-hover\" data-hover=\"bottom-9\">K\u00fcte<\/button>\n                                                                                <button class=\"bottom-hover btn tippy-hover\" data-hover=\"bottom-10\">Ventilatsioon<\/button>\n                                                                                <button class=\"bottom-hover btn tippy-hover\" data-hover=\"bottom-11\">Jahutus<\/button>\n                                                                                <button class=\"bottom-hover btn tippy-hover\" data-hover=\"bottom-12\">Keskkonnas\u00e4\u00e4tlikkus<\/button>\n                                            <\/div>\n                <\/div>\n            <\/div>\n            <\/div>\n\n    <div class=\"hover-contents d-lg-none\">\n                    <div class=\"top bg-gray d-flex flex-column gap-32\">\n                                                        <div class=\"hover-content\" id=\"top-0\">\n                        <div class=\"tooltip-content\"><h3>Pegasus<\/h3>\n<p>Pegasuse tornis on kogu mahus \u00e4ripinnad (1.-12. korrus). Esimesed neli korrust on Helios torniga \u00fchised. Samuti on tornidel \u00fchine kahekorruseline maa-alune parkla.<\/p>\n<\/div>\n                    <\/div>\n                                                        <div class=\"hover-content\" id=\"top-1\">\n                        <div class=\"tooltip-content\"><h3>Helios<\/h3>\n<p>Heliose tornis asuvad 1-4 korrusel \u00e4ripinnad ning alates viiendast korrusest korterid. \u00c4ripindade ja korterite sissep\u00e4\u00e4sud on eraldatud.<\/p>\n<\/div>\n                    <\/div>\n                            <\/div>\n        \n                    <div class=\"bottom bg-green color-white d-flex flex-column gap-24\">\n                                                        <div class=\"hover-content\" id=\"bottom-0\">\n                        <div class=\"tooltip-content\"><h3>Laed<\/h3>\n<p>Lagede k\u00f5rgus on 3 meetrit.<\/p>\n<\/div>\n                    <\/div>\n                                                        <div class=\"hover-content\" id=\"bottom-1\">\n                        <div class=\"tooltip-content\"><h3>Hoone karkass<\/h3>\n<p>Hoone rajatakse vaivundamendile. Hoone kandeskeletiks on monoliitsed vahelaeplaadid, mis toetuvad monoliitsetele postidele\/seintele.<\/p>\n<\/div>\n                    <\/div>\n                                                        <div class=\"hover-content\" id=\"bottom-2\">\n                        <div class=\"tooltip-content\"><h3>V\u00e4lissein<\/h3>\n<p>Termoprofiilist kergsein. Karkassi vahe on t\u00e4idetud mineraalvillaga.<\/p>\n<\/div>\n                    <\/div>\n                                                        <div class=\"hover-content\" id=\"bottom-3\">\n                        <div class=\"tooltip-content\"><h3>Fassaad ja aknad<\/h3>\n<p>3-kordse klaaspaketiga puit-alumiiniumaknad ja klaas-alumiinium fassaadis\u00fcsteem.<\/p>\n<\/div>\n                    <\/div>\n                                                        <div class=\"hover-content\" id=\"bottom-4\">\n                        <div class=\"tooltip-content\"><h3>Katus<\/h3>\n<p>Monoliitsel betoonplaadil mineraalvill soojustus ja rullmembraan katusekattematerjal.<\/p>\n<\/div>\n                    <\/div>\n                                                        <div class=\"hover-content\" id=\"bottom-5\">\n                        <div class=\"tooltip-content\"><h3>Siseseinad<\/h3>\n<p>Kandvad seinad on monoliitsest betoonist, mittekandvad seinad \u00fchekordsest kipsist (erik\u00f5va).<\/p>\n<\/div>\n                    <\/div>\n                                                        <div class=\"hover-content\" id=\"bottom-6\">\n                        <div class=\"tooltip-content\"><h3>Terrassid<\/h3>\n<p>\u00c4ritornil on \u00fcks ots lahendatud astmeliselt, kus iga korruse betoonplaat astub 2,1 m jagu alumisest sissepoole, tekitades nii igale korrusele terrassi. Katuseterrass tekib veel kahte hoonet \u00fchendava neljakorruselise mahu katusele ning sama mahu esimese ja teise korruse katustele, kus \u00fclemised korrused tagasi astuvad.<\/p>\n<\/div>\n                    <\/div>\n                                                        <div class=\"hover-content\" id=\"bottom-7\">\n                        <div class=\"tooltip-content\"><h3>Lift<\/h3>\n<p>M\u00f5lemas tornis on 3 lifti.<\/p>\n<\/div>\n                    <\/div>\n                                                        <div class=\"hover-content\" id=\"bottom-8\">\n                        <div class=\"tooltip-content\"><h3>Energiat\u00e4his<\/h3>\n<p>\u00c4ritornidel on A-energiaklass.<\/p>\n<\/div>\n                    <\/div>\n                                                        <div class=\"hover-content\" id=\"bottom-9\">\n                        <div class=\"tooltip-content\"><h3>K\u00fcte<\/h3>\n<p>Hoone soojusvarustus saadakse energiavaiadest ja maasoojusest. Tipukoormused tagatakse AS Utilitase poolt hallatavast kaugk\u00fcttev\u00f5rgust. \u00c4ripindadel on radiaatork\u00fcte. Maa-aluses parklas \u00f5hk-k\u00fcte.<\/p>\n<\/div>\n                    <\/div>\n                                                        <div class=\"hover-content\" id=\"bottom-10\">\n                        <div class=\"tooltip-content\"><h3>Ventilatsioon<\/h3>\n<p>Rootorsoojustagastusega mehaanilise sissepuhke- ja v\u00e4ljat\u00f5mbeseadmed mis varustatakse j\u00e4relk\u00fctte- ja jahutuskalorifeeriga.<\/p>\n<\/div>\n                    <\/div>\n                                                        <div class=\"hover-content\" id=\"bottom-11\">\n                        <div class=\"tooltip-content\"><h3>Jahutus<\/h3>\n<p>\u00c4ripindasid jahutatakse ruumip\u00f5hiselt lakke v\u00f5i seinapeale paigaldatavate veega jahutuskassettidega\/fancoilidega.<\/p>\n<\/div>\n                    <\/div>\n                                                        <div class=\"hover-content\" id=\"bottom-12\">\n                        <div class=\"tooltip-content\"><h3>Keskkonnas\u00e4\u00e4tlikkus<\/h3>\n<p>LEED Gold sertifikaat.<\/p>\n<\/div>\n                    <\/div>\n                            <\/div>\n            <\/div>\n<\/section>\n\n\n<section class=\"text-sliding-media-block position-relative py-120 overflow-hidden pt-120 pb-120\"   data-color=\"#0e3328\">\n    <div class=\"container\">\n        <div class=\"block-content d-flex align-items-center flex-column gap-36 gap-lg-88 flex-lg-row\">\n            <div class=\"content d-flex flex-column align-items-start gap-32\">\n                                    <h2 class=\"slide-title mb-0\">\n                                                    <span>Arendaja<\/span>\n                                            <\/h2>\n                \n                                    <img loading=\"lazy\" decoding=\"async\" class=\"logo-before\" src=\"https:\/\/hipodroomi.reterra.ee\/ari\/wp-content\/uploads\/2025\/03\/uuid-1f3f5212-cd88-41b9-a1e7-fd4413b7f8a7-1.svg\" width=\"197\" height=\"39\" alt=\"\">\n                \n                                    <div class=\"content-wrap\">\n                        <p>Kodumaisel kapitalil p\u00f5hinevat Reterra meeskonda tiivustab parem tulevik ja iga meie projekti aluseks on tahe luua paik sulle v\u00f5i sinu \u00e4rile tehes seejuures loodusele minimaalset kahju. Keskkonnas\u00e4\u00e4stlikud loodusega s\u00fcmbioosis elavad lahendused on meie kirg ja hoiab meeskonda alati v\u00e4rske ja innovaatilisena.<\/p>\n                    <\/div>\n                \n                \n                                    <a class=\"position-relative d-inline-block mt-24 btn arrowed btn-anchor white-border\" href=\"https:\/\/reterra.ee\/\" target=\"_blank\" rel=\"noopener\">\n                        <span>Kodulehek\u00fclg<\/span>\n                    <\/a>\n                \n            <\/div>\n\n                            <div class=\"media position-relative\">\n                    <div class=\"media-wrap position-absolute top-0 start-0 overflow-hidden\">\n                        <div class=\"inner-wrap position-absolute top-0 start-0 w-100 h-100 overflow-hidden slide-in\">\n                                                            <img loading=\"lazy\" decoding=\"async\" class=\"position-absolute top-0 start-0 w-100 h-100 object-fit-cover\" src=\"https:\/\/hipodroomi.reterra.ee\/ari\/wp-content\/uploads\/2025\/06\/ReigoR-scaled.jpg\" width=\"2560\" height=\"1707\" alt=\"\">\n                            \n                                                    <\/div>\n                    <\/div>\n                <\/div>\n                    <\/div>\n    <\/div>\n<\/section>\n\n\n<section class=\"text-sliding-media-block position-relative py-120 overflow-hidden pt-120 pb-42\"  >\n    <div class=\"container\">\n        <div class=\"block-content d-flex align-items-center flex-column gap-36 gap-lg-88 flex-lg-row-reverse\">\n            <div class=\"content d-flex flex-column align-items-start gap-32\">\n                                    <h2 class=\"slide-title mb-0\">\n                                                    <span>Arhitektid<\/span>\n                                            <\/h2>\n                \n                                    <img loading=\"lazy\" decoding=\"async\" class=\"logo-before\" src=\"https:\/\/hipodroomi.reterra.ee\/ari\/wp-content\/uploads\/2025\/03\/PIN-arhitektid-Copy-1.svg\" width=\"80\" height=\"43\" alt=\"\">\n                \n                                    <div class=\"content-wrap\">\n                        <p>PIN Arhitektide meeskond teab h\u00e4sti, et arhitektuur ei ole kompromisside kunst, vaid eelk\u00f5ige peab iga hoone olema vormitud vastavalt selle \u00e4rikliendi soovidele.<\/p>\n                    <\/div>\n                \n                \n                                    <a class=\"position-relative d-inline-block mt-24 btn arrowed btn-anchor bordered-black-arrowed transparent\" href=\"https:\/\/pinarhitektid.ee\/\" target=\"_blank\" rel=\"noopener\">\n                        <span>Kodulehek\u00fclg<\/span>\n                    <\/a>\n                \n            <\/div>\n\n                            <div class=\"media position-relative\">\n                    <div class=\"media-wrap position-absolute top-0 end-0 overflow-hidden\">\n                        <div class=\"inner-wrap position-absolute top-0 start-0 w-100 h-100 overflow-hidden slide-in anim-reverse\">\n                                                            <img loading=\"lazy\" decoding=\"async\" class=\"position-absolute top-0 start-0 w-100 h-100 object-fit-cover\" src=\"https:\/\/hipodroomi.reterra.ee\/ari\/wp-content\/uploads\/2025\/03\/Rectangle-7-3.png\" width=\"1230\" height=\"945\" alt=\"\">\n                            \n                                                    <\/div>\n                    <\/div>\n                <\/div>\n                    <\/div>\n    <\/div>\n<\/section>\n\n\n<section class=\"text-sliding-media-block position-relative py-120 overflow-hidden pt-42 pb-120\"  >\n    <div class=\"container\">\n        <div class=\"block-content d-flex align-items-center flex-column gap-36 gap-lg-88 flex-lg-row\">\n            <div class=\"content d-flex flex-column align-items-start gap-32\">\n                                    <h2 class=\"slide-title mb-0\">\n                                                    <span>Ehitaja<\/span>\n                                            <\/h2>\n                \n                                    <img loading=\"lazy\" decoding=\"async\" class=\"logo-before\" src=\"https:\/\/hipodroomi.reterra.ee\/ari\/wp-content\/uploads\/2025\/03\/Mapri_ehitus-Copy-1.svg\" width=\"144\" height=\"37\" alt=\"\">\n                \n                                    <div class=\"content-wrap\">\n                        <p>Mapri Ehitus on Eesti ja L\u00e4ti ehitusturul tegutsenud \u00fcle k\u00fcmne aasta ning selle ajaga ehitanud \u00fcle poole tuhande ehitise. Teostades nii lihtsamakoelisi kui ka tehniliselt keerukamaid projekte on Mapri Ehituse eesm\u00e4rk luua kestvaid ja kvaliteetseid lahendusi. <\/p>\n                    <\/div>\n                \n                \n                                    <a class=\"position-relative d-inline-block mt-24 btn arrowed btn-anchor bordered-black-arrowed transparent\" href=\"https:\/\/mapri.eu\/\" target=\"_blank\" rel=\"noopener\">\n                        <span>Kodulehek\u00fclg<\/span>\n                    <\/a>\n                \n            <\/div>\n\n                            <div class=\"media position-relative\">\n                    <div class=\"media-wrap position-absolute top-0 start-0 overflow-hidden\">\n                        <div class=\"inner-wrap position-absolute top-0 start-0 w-100 h-100 overflow-hidden slide-in\">\n                                                            <img loading=\"lazy\" decoding=\"async\" class=\"position-absolute top-0 start-0 w-100 h-100 object-fit-cover\" src=\"https:\/\/hipodroomi.reterra.ee\/ari\/wp-content\/uploads\/2025\/06\/475236881_1138532974727948_6015514463503412305_n.jpg\" width=\"2048\" height=\"1365\" alt=\"\">\n                            \n                                                    <\/div>\n                    <\/div>\n                <\/div>\n                    <\/div>\n    <\/div>\n<\/section>\n\n    <section class=\"future-block position-relative py-72 pt-lg-42 pb-lg-105 overflow-hidden\"  data-anchor=\"hipodroomi-tulevik\" data-color=\"#f3f0ed\">\n        <div class=\"container\">\n                            <h2 class=\"fs-100 mb-72 slide-title\">\n                                            <span>\u00c4ritornide<\/span>\n                                            <span>valmimine<\/span>\n                                    <\/h2>\n                    <\/div>\n        <div class=\"steps-container container scroll-indicator\">\n            <div class=\"steps d-flex align-items-center justify-content-start justify-content-lg-end gap-32\">\n                <div class=\"grow-arrow position-relative ms-0\">\n                    <div class=\"animation-wrap d-flex align-items-center\">\n                        <div class=\"line bg-black\"><\/div>\n                        <img loading=\"lazy\" decoding=\"async\" src=\"https:\/\/hipodroomi.reterra.ee\/ari\/wp-content\/themes\/hipodroomi-ari\/images\/arrow-right.svg\" width=\"4\" height=\"7\" alt=\"Arrow Right Element\">\n                    <\/div>\n                <\/div>\n\n                <div class=\"steps-wrap d-flex justify-content-end gap-32\">\n                                                                    <div class=\"step d-flex flex-column align-items-center flex-shrink-0 text-center bg-green color-white py-32 w-100 rounded-pill active\" style=\"animation-delay: 0.5s;\">\n                            <p class=\"fs-16 fnt-ergon mb-12\">Ehituse <\/br>algus<\/p>                            <p class=\"fs-50 fnt-ergon mb-0\">20<\/p>                            <p class=\"fs-50 fnt-ergon mb-12\">26<\/p>                            <p class=\"fs-16 fnt-ergon mb-0\">Suvi<\/p>                        <\/div>\n                                                                    <div class=\"step d-flex flex-column align-items-center flex-shrink-0 text-center bg-green color-white py-32 w-100 rounded-pill\" style=\"animation-delay: 0.7s;\">\n                            <p class=\"fs-16 fnt-ergon mb-12\">Nurgakivi <\/br>panek<\/p>                            <p class=\"fs-50 fnt-ergon mb-0\">20<\/p>                            <p class=\"fs-50 fnt-ergon mb-12\">26<\/p>                            <p class=\"fs-16 fnt-ergon mb-0\">Talv<\/p>                        <\/div>\n                                                                    <div class=\"step d-flex flex-column align-items-center flex-shrink-0 text-center bg-green color-white py-32 w-100 rounded-pill\" style=\"animation-delay: 0.9s;\">\n                            <p class=\"fs-16 fnt-ergon mb-12\">Sarika- <\/br>pidu<\/p>                            <p class=\"fs-50 fnt-ergon mb-0\">20<\/p>                            <p class=\"fs-50 fnt-ergon mb-12\">28<\/p>                            <p class=\"fs-16 fnt-ergon mb-0\">Kevad<\/p>                        <\/div>\n                                                                    <div class=\"step d-flex flex-column align-items-center flex-shrink-0 text-center bg-green color-white py-32 w-100 rounded-pill\" style=\"animation-delay: 1.1s;\">\n                            <p class=\"fs-16 fnt-ergon mb-12\">Maja <\/br>valmis<\/p>                            <p class=\"fs-50 fnt-ergon mb-0\">20<\/p>                            <p class=\"fs-50 fnt-ergon mb-12\">28<\/p>                            <p class=\"fs-16 fnt-ergon mb-0\">Suvi<\/p>                        <\/div>\n                                    <\/div>\n            <\/div>\n        <\/div>\n    <\/section>\n","protected":false},"excerpt":{"rendered":"","protected":false},"author":1,"featured_media":0,"parent":0,"menu_order":0,"comment_status":"closed","ping_status":"closed","template":"page-templates\/template-no-title.php","meta":{"_acf_changed":false,"footnotes":""},"class_list":["post-226","page","type-page","status-publish","hentry"],"acf":[],"_links":{"self":[{"href":"https:\/\/hipodroomi.reterra.ee\/ari\/wp-json\/wp\/v2\/pages\/226","targetHints":{"allow":["GET"]}}],"collection":[{"href":"https:\/\/hipodroomi.reterra.ee\/ari\/wp-json\/wp\/v2\/pages"}],"about":[{"href":"https:\/\/hipodroomi.reterra.ee\/ari\/wp-json\/wp\/v2\/types\/page"}],"author":[{"embeddable":true,"href":"https:\/\/hipodroomi.reterra.ee\/ari\/wp-json\/wp\/v2\/users\/1"}],"replies":[{"embeddable":true,"href":"https:\/\/hipodroomi.reterra.ee\/ari\/wp-json\/wp\/v2\/comments?post=226"}],"version-history":[{"count":17,"href":"https:\/\/hipodroomi.reterra.ee\/ari\/wp-json\/wp\/v2\/pages\/226\/revisions"}],"predecessor-version":[{"id":1823,"href":"https:\/\/hipodroomi.reterra.ee\/ari\/wp-json\/wp\/v2\/pages\/226\/revisions\/1823"}],"wp:attachment":[{"href":"https:\/\/hipodroomi.reterra.ee\/ari\/wp-json\/wp\/v2\/media?parent=226"}],"curies":[{"name":"wp","href":"https:\/\/api.w.org\/{rel}","templated":true}]}}