{"id":590,"date":"2024-01-24T13:50:03","date_gmt":"2024-01-24T10:50:03","guid":{"rendered":"https:\/\/hipodroomi.reterra.ee\/elu\/?page_id=590"},"modified":"2025-07-10T01:50:09","modified_gmt":"2025-07-09T22:50:09","slug":"muugiinfo","status":"publish","type":"page","link":"https:\/\/hipodroomi.reterra.ee\/elu\/muugiinfo\/","title":{"rendered":"M\u00fc\u00fcgiinfo"},"content":{"rendered":"\n<section class=\"sale-information-block pt-lg-42 pb-0 pb-32\">\n    <div class=\"container gx-lg-32 gx-16\">\n        <div class=\"row gx-lg-32 gx-16\">\n            <div class=\"left-content-outside col col-lg-4 col-12 mb-lg-0 mb-24\">\n                <div class=\"left-content-wrap\">\n                    <div class=\"left-content pt-lg-26 pt-32 pb-36 px-16 contact w100 border-r-20 bg-light-turqoise d-flex flex-column align-items-center justify-content-center\">\n                        <!--                             <div class=\"contact-image-outside-wrap w100 position-relative\">\n                                <div class=\"contact-image-wrap w100 position-relative border-r-114 overflow-hidden mb-lg-26 mb-14\">\n                                    <img loading=\"lazy\" decoding=\"async\" class=\"position-absolute top-0 start-0 w100 h100 object-fit-cover\" src=\"https:\/\/hipodroomi.reterra.ee\/elu\/wp-content\/uploads\/2025\/07\/Group-2.png\" width=\"468\" height=\"294\" alt=\"\" \/>\n                                <\/div>\n                            <\/div>\n                         -->\n                                                    <div class=\"left-content-contacts d-flex flex-lg-column \">\n                                                                                                        <div class=\"contact fs-14 d-flex align-items-center flex-column flex-lg-row\">\n                                                                                    <div class=\"contact-img mb-8\">\n                                                <img decoding=\"async\" src=\"https:\/\/hipodroomi.reterra.ee\/elu\/wp-content\/uploads\/2025\/07\/Rectangle-182.png\" \/>\n                                            <\/div>\n                                                                                <div class=\"contacts-wrap ps-18 text-lg-start text-center\">\n                                            <h3>Helena-Laura<br \/>\nLesment<\/h3>\n<p>M\u00fc\u00fcgi projektijuht<br \/>\n<a href=\"mailto:helena-laura@reterra.ee\">helena-laura@reterra.ee<\/a><\/p>\n<p><a href=\"tel:+372 5125439\">+372 5125439<\/a><\/p>\n<p>EST, ENG, RUS, SWE<\/p>\n                                        <\/div>\n                                    <\/div>\n                                                                                                        <div class=\"contact fs-14 d-flex align-items-center flex-column flex-lg-row\">\n                                                                                    <div class=\"contact-img mb-8\">\n                                                <img decoding=\"async\" src=\"https:\/\/hipodroomi.reterra.ee\/elu\/wp-content\/uploads\/2025\/07\/Rectangle-183-1.png\" \/>\n                                            <\/div>\n                                                                                <div class=\"contacts-wrap ps-18 text-lg-start text-center\">\n                                            <h3>Kaire<br \/>\nKanger<\/h3>\n<p>M\u00fc\u00fcgi projektijuht<br \/>\n<a href=\"mailto:kaire@reterra.ee\">kaire@reterra.ee<\/a><\/p>\n<p><a href=\"tel:+372 528 7155\">+372 528 7155<\/a><\/p>\n<p>EST, ENG<\/p>\n                                        <\/div>\n                                    <\/div>\n                                                            <\/div>\n                                            <\/div>\n                <\/div>\n            <\/div>\n            <div class=\"col col-lg-8 col-12\">\n                <div class=\"right-top-content px-lg-56 px-16 py-lg-26 pt-26 pb-14 mb-lg-36 mb-24 border-r-20 bg-light-turqoise fs-14\"><h2>Kuidas osta?<\/h2>\n<h3>01 &#8211; Broneerimine<\/h3>\n<ul>\n<li>Sobiva korteriomandi leidnud kliendiga s\u00f5lmitakse broneerimisleping.<\/li>\n<li>Broneerimisleping kehtib v\u00f5la\u00f5igusliku lepingu s\u00f5lmimiseni. Broneerimistasu suurus on 3000 eurot.<\/li>\n<\/ul>\n<h3>02 &#8211; V\u00f5laoigusliku lepingu s\u00f5lmimine<\/h3>\n<ul>\n<li>J\u00e4rgnevalt s\u00f5lmitakse notariaalne v\u00f5la\u00f5iguslik ostu-m\u00fc\u00fcgi leping.<\/li>\n<li>V\u00f5la\u00f5igusliku lepinguga tasub klient 15% ostuhinnast.<\/li>\n<li>V\u00f5la\u00f5iguslikus lepingus fikseeritakse korteriomandi valmimise ning ostjale \u00fcleandmise t\u00e4htajad ning k\u00f5ik muud tingimused.<\/li>\n<\/ul>\n<h3>03 &#8211; Asjaoigusliku lepingu s\u00f5lmimine<\/h3>\n<ul>\n<li>Korteriomandi valmimisel toimub asja\u00f5igusliku lepingu s\u00f5lmimine, \u00fches millega antakse \u00fcle valmis korteriomand ning ostja tasub \u00fclej\u00e4\u00e4nud 85% ostuhinnast.<\/li>\n<li>Nimetatud lepingu s\u00f5lmimisega saab klient korteriomandi omanikuks.<\/li>\n<\/ul>\n<\/div>                                    <div class=\"right-bottom-content px-lg-56 px-16 pt-lg-26 pt-24 pb-54 border-r-20 bg-light-turqoise-transparent fs-14\">\n                        <div class=\"right-bottom-content-top\"><h3>Leia endale parim kodulaen<\/h3>\n<p>Reterra klientidele pakub kodulaenu eritingimustel LHV. Taotluse saad vormistada otse internetis!<\/p>\n<\/div>                                                    <div class=\"bottom-right-rows mt-lg-12\">\n                                                                                                                                                <a class=\"bottom-right-row position-relative py-lg-8 py-16 d-flex flex-lg-row flex-column align-items-lg-center justify-content-lg-between\" href=\"https:\/\/www.lhv.ee\/\">\n                                                                                            <div class=\"image position-relative mb-lg-0 mb-8\">\n                                                    <img loading=\"lazy\" decoding=\"async\" src=\"https:\/\/hipodroomi.reterra.ee\/elu\/wp-content\/uploads\/2024\/01\/lhv.svg\" width=\"52\" height=\"18\" alt=\"\" \/>\n                                                <\/div>\n                                                                                        <div class=\"bottom-right-row-content position-relative d-flex align-items-lg-center justify-content-lg-end justify-content-between text-lg-end\"><div class=\"bottom-right-row-content-inside me-12\">Uuri lisa<\/div><\/div>                                        <\/a>\n                                                                                                <\/div>\n                                            <\/div>\n                            <\/div>\n        <\/div>\n    <\/div>\n<\/section>","protected":false},"excerpt":{"rendered":"","protected":false},"author":1,"featured_media":0,"parent":0,"menu_order":0,"comment_status":"closed","ping_status":"closed","template":"","meta":{"_acf_changed":false,"footnotes":""},"acf":[],"yoast_head":"<!-- This site is optimized with the Yoast SEO plugin v22.5 - https:\/\/yoast.com\/wordpress\/plugins\/seo\/ -->\n<title>M\u00fc\u00fcgiinfo - Hipodroomi<\/title>\n<meta name=\"robots\" content=\"index, follow, max-snippet:-1, max-image-preview:large, max-video-preview:-1\" \/>\n<link rel=\"canonical\" href=\"https:\/\/hipodroomi.reterra.ee\/elu\/muugiinfo\/\" \/>\n<meta property=\"og:locale\" content=\"et_EE\" \/>\n<meta property=\"og:type\" content=\"article\" \/>\n<meta property=\"og:title\" content=\"M\u00fc\u00fcgiinfo - Hipodroomi\" \/>\n<meta property=\"og:url\" content=\"https:\/\/hipodroomi.reterra.ee\/elu\/muugiinfo\/\" \/>\n<meta property=\"og:site_name\" content=\"Hipodroomi\" \/>\n<meta property=\"article:modified_time\" content=\"2025-07-09T22:50:09+00:00\" \/>\n<meta property=\"og:image\" content=\"https:\/\/hipodroomi.reterra.ee\/elu\/wp-content\/uploads\/2024\/04\/share-picture-1.jpg\" \/>\n\t<meta property=\"og:image:width\" content=\"1200\" \/>\n\t<meta property=\"og:image:height\" content=\"675\" \/>\n\t<meta property=\"og:image:type\" content=\"image\/jpeg\" \/>\n<meta name=\"twitter:card\" content=\"summary_large_image\" \/>\n<script type=\"application\/ld+json\" class=\"yoast-schema-graph\">{\"@context\":\"https:\/\/schema.org\",\"@graph\":[{\"@type\":\"WebPage\",\"@id\":\"https:\/\/hipodroomi.reterra.ee\/elu\/muugiinfo\/\",\"url\":\"https:\/\/hipodroomi.reterra.ee\/elu\/muugiinfo\/\",\"name\":\"M\u00fc\u00fcgiinfo - Hipodroomi\",\"isPartOf\":{\"@id\":\"https:\/\/hipodroomi.reterra.ee\/elu\/#website\"},\"datePublished\":\"2024-01-24T10:50:03+00:00\",\"dateModified\":\"2025-07-09T22:50:09+00:00\",\"breadcrumb\":{\"@id\":\"https:\/\/hipodroomi.reterra.ee\/elu\/muugiinfo\/#breadcrumb\"},\"inLanguage\":\"et\",\"potentialAction\":[{\"@type\":\"ReadAction\",\"target\":[\"https:\/\/hipodroomi.reterra.ee\/elu\/muugiinfo\/\"]}]},{\"@type\":\"BreadcrumbList\",\"@id\":\"https:\/\/hipodroomi.reterra.ee\/elu\/muugiinfo\/#breadcrumb\",\"itemListElement\":[{\"@type\":\"ListItem\",\"position\":1,\"name\":\"Home\",\"item\":\"https:\/\/hipodroomi.reterra.ee\/elu\/\"},{\"@type\":\"ListItem\",\"position\":2,\"name\":\"M\u00fc\u00fcgiinfo\"}]},{\"@type\":\"WebSite\",\"@id\":\"https:\/\/hipodroomi.reterra.ee\/elu\/#website\",\"url\":\"https:\/\/hipodroomi.reterra.ee\/elu\/\",\"name\":\"Hipodroomi\",\"description\":\"Roheline elu- ja \u00e4rikvartal\",\"publisher\":{\"@id\":\"https:\/\/hipodroomi.reterra.ee\/elu\/#organization\"},\"potentialAction\":[{\"@type\":\"SearchAction\",\"target\":{\"@type\":\"EntryPoint\",\"urlTemplate\":\"https:\/\/hipodroomi.reterra.ee\/elu\/?s={search_term_string}\"},\"query-input\":\"required name=search_term_string\"}],\"inLanguage\":\"et\"},{\"@type\":\"Organization\",\"@id\":\"https:\/\/hipodroomi.reterra.ee\/elu\/#organization\",\"name\":\"Hipodroomi\",\"url\":\"https:\/\/hipodroomi.reterra.ee\/elu\/\",\"logo\":{\"@type\":\"ImageObject\",\"inLanguage\":\"et\",\"@id\":\"https:\/\/hipodroomi.reterra.ee\/elu\/#\/schema\/logo\/image\/\",\"url\":\"https:\/\/hipodroomi.reterra.ee\/elu\/wp-content\/uploads\/2024\/04\/Favicon-1.png\",\"contentUrl\":\"https:\/\/hipodroomi.reterra.ee\/elu\/wp-content\/uploads\/2024\/04\/Favicon-1.png\",\"width\":512,\"height\":512,\"caption\":\"Hipodroomi\"},\"image\":{\"@id\":\"https:\/\/hipodroomi.reterra.ee\/elu\/#\/schema\/logo\/image\/\"}}]}<\/script>\n<!-- \/ Yoast SEO plugin. -->","yoast_head_json":{"title":"M\u00fc\u00fcgiinfo - Hipodroomi","robots":{"index":"index","follow":"follow","max-snippet":"max-snippet:-1","max-image-preview":"max-image-preview:large","max-video-preview":"max-video-preview:-1"},"canonical":"https:\/\/hipodroomi.reterra.ee\/elu\/muugiinfo\/","og_locale":"et_EE","og_type":"article","og_title":"M\u00fc\u00fcgiinfo - Hipodroomi","og_url":"https:\/\/hipodroomi.reterra.ee\/elu\/muugiinfo\/","og_site_name":"Hipodroomi","article_modified_time":"2025-07-09T22:50:09+00:00","og_image":[{"width":1200,"height":675,"url":"https:\/\/hipodroomi.reterra.ee\/elu\/wp-content\/uploads\/2024\/04\/share-picture-1.jpg","type":"image\/jpeg"}],"twitter_card":"summary_large_image","schema":{"@context":"https:\/\/schema.org","@graph":[{"@type":"WebPage","@id":"https:\/\/hipodroomi.reterra.ee\/elu\/muugiinfo\/","url":"https:\/\/hipodroomi.reterra.ee\/elu\/muugiinfo\/","name":"M\u00fc\u00fcgiinfo - Hipodroomi","isPartOf":{"@id":"https:\/\/hipodroomi.reterra.ee\/elu\/#website"},"datePublished":"2024-01-24T10:50:03+00:00","dateModified":"2025-07-09T22:50:09+00:00","breadcrumb":{"@id":"https:\/\/hipodroomi.reterra.ee\/elu\/muugiinfo\/#breadcrumb"},"inLanguage":"et","potentialAction":[{"@type":"ReadAction","target":["https:\/\/hipodroomi.reterra.ee\/elu\/muugiinfo\/"]}]},{"@type":"BreadcrumbList","@id":"https:\/\/hipodroomi.reterra.ee\/elu\/muugiinfo\/#breadcrumb","itemListElement":[{"@type":"ListItem","position":1,"name":"Home","item":"https:\/\/hipodroomi.reterra.ee\/elu\/"},{"@type":"ListItem","position":2,"name":"M\u00fc\u00fcgiinfo"}]},{"@type":"WebSite","@id":"https:\/\/hipodroomi.reterra.ee\/elu\/#website","url":"https:\/\/hipodroomi.reterra.ee\/elu\/","name":"Hipodroomi","description":"Roheline elu- ja \u00e4rikvartal","publisher":{"@id":"https:\/\/hipodroomi.reterra.ee\/elu\/#organization"},"potentialAction":[{"@type":"SearchAction","target":{"@type":"EntryPoint","urlTemplate":"https:\/\/hipodroomi.reterra.ee\/elu\/?s={search_term_string}"},"query-input":"required name=search_term_string"}],"inLanguage":"et"},{"@type":"Organization","@id":"https:\/\/hipodroomi.reterra.ee\/elu\/#organization","name":"Hipodroomi","url":"https:\/\/hipodroomi.reterra.ee\/elu\/","logo":{"@type":"ImageObject","inLanguage":"et","@id":"https:\/\/hipodroomi.reterra.ee\/elu\/#\/schema\/logo\/image\/","url":"https:\/\/hipodroomi.reterra.ee\/elu\/wp-content\/uploads\/2024\/04\/Favicon-1.png","contentUrl":"https:\/\/hipodroomi.reterra.ee\/elu\/wp-content\/uploads\/2024\/04\/Favicon-1.png","width":512,"height":512,"caption":"Hipodroomi"},"image":{"@id":"https:\/\/hipodroomi.reterra.ee\/elu\/#\/schema\/logo\/image\/"}}]}},"_links":{"self":[{"href":"https:\/\/hipodroomi.reterra.ee\/elu\/wp-json\/wp\/v2\/pages\/590"}],"collection":[{"href":"https:\/\/hipodroomi.reterra.ee\/elu\/wp-json\/wp\/v2\/pages"}],"about":[{"href":"https:\/\/hipodroomi.reterra.ee\/elu\/wp-json\/wp\/v2\/types\/page"}],"author":[{"embeddable":true,"href":"https:\/\/hipodroomi.reterra.ee\/elu\/wp-json\/wp\/v2\/users\/1"}],"replies":[{"embeddable":true,"href":"https:\/\/hipodroomi.reterra.ee\/elu\/wp-json\/wp\/v2\/comments?post=590"}],"version-history":[{"count":28,"href":"https:\/\/hipodroomi.reterra.ee\/elu\/wp-json\/wp\/v2\/pages\/590\/revisions"}],"predecessor-version":[{"id":5015,"href":"https:\/\/hipodroomi.reterra.ee\/elu\/wp-json\/wp\/v2\/pages\/590\/revisions\/5015"}],"wp:attachment":[{"href":"https:\/\/hipodroomi.reterra.ee\/elu\/wp-json\/wp\/v2\/media?parent=590"}],"curies":[{"name":"wp","href":"https:\/\/api.w.org\/{rel}","templated":true}]}}